{"id":1223,"date":"2020-08-07T10:45:15","date_gmt":"2020-08-07T08:45:15","guid":{"rendered":"https:\/\/bassincrussolrugby.fr\/?page_id=1223"},"modified":"2023-08-29T13:16:39","modified_gmt":"2023-08-29T11:16:39","slug":"viticulteurs-et-caves","status":"publish","type":"page","link":"https:\/\/bassincrussolrugby.fr\/index.php\/viticulteurs-et-caves\/","title":{"rendered":"Viticulteurs et Caves"},"content":{"rendered":"\t\t<div data-elementor-type=\"wp-page\" data-elementor-id=\"1223\" class=\"elementor elementor-1223\">\n\t\t\t\t\t\t<section class=\"elementor-section elementor-top-section elementor-element elementor-element-2ef533b elementor-section-boxed elementor-section-height-default elementor-section-height-default\" data-id=\"2ef533b\" data-element_type=\"section\" data-e-type=\"section\">\n\t\t\t\t\t\t<div class=\"elementor-container elementor-column-gap-default\">\n\t\t\t\t\t<div class=\"elementor-column elementor-col-100 elementor-top-column elementor-element elementor-element-5384179\" data-id=\"5384179\" data-element_type=\"column\" data-e-type=\"column\">\n\t\t\t<div class=\"elementor-widget-wrap elementor-element-populated\">\n\t\t\t\t\t\t<section class=\"elementor-section elementor-inner-section elementor-element elementor-element-f4662f1 elementor-section-boxed elementor-section-height-default elementor-section-height-default\" data-id=\"f4662f1\" data-element_type=\"section\" data-e-type=\"section\">\n\t\t\t\t\t\t<div class=\"elementor-container elementor-column-gap-default\">\n\t\t\t\t\t<div class=\"elementor-column elementor-col-50 elementor-inner-column elementor-element elementor-element-59d5e7f\" data-id=\"59d5e7f\" data-element_type=\"column\" data-e-type=\"column\">\n\t\t\t<div class=\"elementor-widget-wrap elementor-element-populated\">\n\t\t\t\t\t\t<div class=\"elementor-element elementor-element-ec0495b elementor-widget elementor-widget-image\" data-id=\"ec0495b\" data-element_type=\"widget\" data-e-type=\"widget\" data-widget_type=\"image.default\">\n\t\t\t\t<div class=\"elementor-widget-container\">\n\t\t\t\t\t\t\t\t\t\t\t\t\t\t\t<img decoding=\"async\" width=\"100\" height=\"342\" src=\"https:\/\/bassincrussolrugby.fr\/wp-content\/uploads\/2020\/08\/Logo-100x342-1.png\" class=\"attachment-large size-large wp-image-1263\" alt=\"Lemenicier Viticulteur\" srcset=\"https:\/\/bassincrussolrugby.fr\/wp-content\/uploads\/2020\/08\/Logo-100x342-1.png 100w, https:\/\/bassincrussolrugby.fr\/wp-content\/uploads\/2020\/08\/Logo-100x342-1-88x300.png 88w\" sizes=\"(max-width: 100px) 100vw, 100px\" \/>\t\t\t\t\t\t\t\t\t\t\t\t\t\t\t<\/div>\n\t\t\t\t<\/div>\n\t\t\t\t\t<\/div>\n\t\t<\/div>\n\t\t\t\t<div class=\"elementor-column elementor-col-50 elementor-inner-column elementor-element elementor-element-6a9c538\" data-id=\"6a9c538\" data-element_type=\"column\" data-e-type=\"column\">\n\t\t\t<div class=\"elementor-widget-wrap elementor-element-populated\">\n\t\t\t\t\t\t<div class=\"elementor-element elementor-element-0136d66 elementor-widget elementor-widget-text-editor\" data-id=\"0136d66\" data-element_type=\"widget\" data-e-type=\"widget\" data-widget_type=\"text-editor.default\">\n\t\t\t\t<div class=\"elementor-widget-container\">\n\t\t\t\t\t\t\t\t\t<p><b><u>Jacques Lemenicier <\/u><\/b>est partenaire depuis de nombreuses ann\u00e9es. Anciens joueur du club, il est maintenant pr\u00e9sident du Bassin De Crussol Rugby et a su f\u00e9d\u00e9rer de nombreux dirigeants autour d&rsquo;un m\u00eame projet.<\/p><p>Il propose des Saint P\u00e9ray, du Crozes Hermitage et du Cornas<\/p><p><b>Quartier Les Peyrouses &#8211; 07130 Cornas<\/b><\/p><p><a href=\"http:\/\/www.domaine-lemenicier.fr\/\" target=\"_blank\" rel=\"noopener\">Site Internet<\/a><\/p>\t\t\t\t\t\t\t\t<\/div>\n\t\t\t\t<\/div>\n\t\t\t\t\t<\/div>\n\t\t<\/div>\n\t\t\t\t\t<\/div>\n\t\t<\/section>\n\t\t\t\t\t<\/div>\n\t\t<\/div>\n\t\t\t\t\t<\/div>\n\t\t<\/section>\n\t\t\t\t<section class=\"elementor-section elementor-top-section elementor-element elementor-element-1814a4b elementor-section-boxed elementor-section-height-default elementor-section-height-default\" data-id=\"1814a4b\" data-element_type=\"section\" data-e-type=\"section\">\n\t\t\t\t\t\t<div class=\"elementor-container elementor-column-gap-default\">\n\t\t\t\t\t<div class=\"elementor-column elementor-col-100 elementor-top-column elementor-element elementor-element-b5e2a38\" data-id=\"b5e2a38\" data-element_type=\"column\" data-e-type=\"column\">\n\t\t\t<div class=\"elementor-widget-wrap elementor-element-populated\">\n\t\t\t\t\t\t<section class=\"elementor-section elementor-inner-section elementor-element elementor-element-bba2fc2 elementor-section-boxed elementor-section-height-default elementor-section-height-default\" data-id=\"bba2fc2\" data-element_type=\"section\" data-e-type=\"section\">\n\t\t\t\t\t\t<div class=\"elementor-container elementor-column-gap-default\">\n\t\t\t\t\t<div class=\"elementor-column elementor-col-50 elementor-inner-column elementor-element elementor-element-a4b0cb5\" data-id=\"a4b0cb5\" data-element_type=\"column\" data-e-type=\"column\">\n\t\t\t<div class=\"elementor-widget-wrap elementor-element-populated\">\n\t\t\t\t\t\t<div class=\"elementor-element elementor-element-f4eb69d elementor-widget elementor-widget-image\" data-id=\"f4eb69d\" data-element_type=\"widget\" data-e-type=\"widget\" data-widget_type=\"image.default\">\n\t\t\t\t<div class=\"elementor-widget-container\">\n\t\t\t\t\t\t\t\t\t\t\t\t\t\t\t<img fetchpriority=\"high\" decoding=\"async\" width=\"786\" height=\"195\" src=\"https:\/\/bassincrussolrugby.fr\/wp-content\/uploads\/2020\/09\/LesCrusdSol_Logo.png\" class=\"attachment-large size-large wp-image-1339\" alt=\"Cave Les Crus D&#039;Sol\" srcset=\"https:\/\/bassincrussolrugby.fr\/wp-content\/uploads\/2020\/09\/LesCrusdSol_Logo.png 786w, https:\/\/bassincrussolrugby.fr\/wp-content\/uploads\/2020\/09\/LesCrusdSol_Logo-300x74.png 300w, https:\/\/bassincrussolrugby.fr\/wp-content\/uploads\/2020\/09\/LesCrusdSol_Logo-768x191.png 768w\" sizes=\"(max-width: 786px) 100vw, 786px\" \/>\t\t\t\t\t\t\t\t\t\t\t\t\t\t\t<\/div>\n\t\t\t\t<\/div>\n\t\t\t\t\t<\/div>\n\t\t<\/div>\n\t\t\t\t<div class=\"elementor-column elementor-col-50 elementor-inner-column elementor-element elementor-element-a375c1e\" data-id=\"a375c1e\" data-element_type=\"column\" data-e-type=\"column\">\n\t\t\t<div class=\"elementor-widget-wrap elementor-element-populated\">\n\t\t\t\t\t\t<div class=\"elementor-element elementor-element-59aad41 elementor-widget elementor-widget-text-editor\" data-id=\"59aad41\" data-element_type=\"widget\" data-e-type=\"widget\" data-widget_type=\"text-editor.default\">\n\t\t\t\t<div class=\"elementor-widget-container\">\n\t\t\t\t\t\t\t\t\t<p>Situ\u00e9 dans la zone Pole 2000 de Saint P\u00e9ray, R\u00e9mi et Jean Charles vous accueilleront avec passion. Des petits vins de producteurs \u00e0 des prix accessible feront de votre d\u00eener un succ\u00e8s!!!<\/p>\n<p><br><\/p>\n<p><b>1 rue Denis Papin &#8211; 07130 Saint Peray<\/b><\/p>\n<p><a href=\"https:\/\/www.lescrusdsol.fr\/\" target=\"_blank\">Site Internet<\/a><br><\/p>\t\t\t\t\t\t\t\t<\/div>\n\t\t\t\t<\/div>\n\t\t\t\t\t<\/div>\n\t\t<\/div>\n\t\t\t\t\t<\/div>\n\t\t<\/section>\n\t\t\t\t\t<\/div>\n\t\t<\/div>\n\t\t\t\t\t<\/div>\n\t\t<\/section>\n\t\t\t\t<section class=\"elementor-section elementor-top-section elementor-element elementor-element-f1edf16 elementor-section-boxed elementor-section-height-default elementor-section-height-default\" data-id=\"f1edf16\" data-element_type=\"section\" data-e-type=\"section\">\n\t\t\t\t\t\t<div class=\"elementor-container elementor-column-gap-default\">\n\t\t\t\t\t<div class=\"elementor-column elementor-col-100 elementor-top-column elementor-element elementor-element-44f9d72\" data-id=\"44f9d72\" data-element_type=\"column\" data-e-type=\"column\">\n\t\t\t<div class=\"elementor-widget-wrap elementor-element-populated\">\n\t\t\t\t\t\t<section class=\"elementor-section elementor-inner-section elementor-element elementor-element-7d4ddb9 elementor-section-boxed elementor-section-height-default elementor-section-height-default\" data-id=\"7d4ddb9\" data-element_type=\"section\" data-e-type=\"section\">\n\t\t\t\t\t\t<div class=\"elementor-container elementor-column-gap-default\">\n\t\t\t\t\t<div class=\"elementor-column elementor-col-50 elementor-inner-column elementor-element elementor-element-9287b55\" data-id=\"9287b55\" data-element_type=\"column\" data-e-type=\"column\">\n\t\t\t<div class=\"elementor-widget-wrap elementor-element-populated\">\n\t\t\t\t\t\t<div class=\"elementor-element elementor-element-e0452c1 elementor-widget elementor-widget-image\" data-id=\"e0452c1\" data-element_type=\"widget\" data-e-type=\"widget\" data-widget_type=\"image.default\">\n\t\t\t\t<div class=\"elementor-widget-container\">\n\t\t\t\t\t\t\t\t\t\t\t\t\t\t\t<img decoding=\"async\" width=\"398\" height=\"500\" src=\"https:\/\/bassincrussolrugby.fr\/wp-content\/uploads\/2020\/09\/CAVE-AUX-CINQ-SENS.png\" class=\"attachment-large size-large wp-image-1308\" alt=\"La cave aux Cinq Sens\" srcset=\"https:\/\/bassincrussolrugby.fr\/wp-content\/uploads\/2020\/09\/CAVE-AUX-CINQ-SENS.png 398w, https:\/\/bassincrussolrugby.fr\/wp-content\/uploads\/2020\/09\/CAVE-AUX-CINQ-SENS-239x300.png 239w\" sizes=\"(max-width: 398px) 100vw, 398px\" \/>\t\t\t\t\t\t\t\t\t\t\t\t\t\t\t<\/div>\n\t\t\t\t<\/div>\n\t\t\t\t\t<\/div>\n\t\t<\/div>\n\t\t\t\t<div class=\"elementor-column elementor-col-50 elementor-inner-column elementor-element elementor-element-a1e451a\" data-id=\"a1e451a\" data-element_type=\"column\" data-e-type=\"column\">\n\t\t\t<div class=\"elementor-widget-wrap elementor-element-populated\">\n\t\t\t\t\t\t<div class=\"elementor-element elementor-element-9c8943b elementor-widget elementor-widget-text-editor\" data-id=\"9c8943b\" data-element_type=\"widget\" data-e-type=\"widget\" data-widget_type=\"text-editor.default\">\n\t\t\t\t<div class=\"elementor-widget-container\">\n\t\t\t\t\t\t\t\t\t<p>La cave aux Cinq Sens vous propose un large choix de vins, spiritueux et produits du terroir. Avec deux magasins, \u00e0 Valence et Tain l&rsquo;Hermitage,<span style=\"font-size: 16px;\">&nbsp;vous trouverez votre bonheur pour vos repas entre amis!!!<\/span><\/p>\n<p><span style=\"font-size: 16px;\">Ils sont partenaires panneau sur le stade encore cette saison.<\/span><\/p>\n<p><b>86 route de Beauvallon &#8211; 26000 Valence<\/b><\/p>\n<p><a href=\"https:\/\/www.caveauxcinqsens.com\/\" target=\"_blank\">Site Internet<\/a><br><\/p>\t\t\t\t\t\t\t\t<\/div>\n\t\t\t\t<\/div>\n\t\t\t\t\t<\/div>\n\t\t<\/div>\n\t\t\t\t\t<\/div>\n\t\t<\/section>\n\t\t\t\t\t<\/div>\n\t\t<\/div>\n\t\t\t\t\t<\/div>\n\t\t<\/section>\n\t\t\t\t<\/div>\n\t\t","protected":false},"excerpt":{"rendered":"<p>Jacques Lemenicier est partenaire depuis de nombreuses ann\u00e9es. Anciens joueur du club, il est maintenant pr\u00e9sident du Bassin De Crussol Rugby et a su f\u00e9d\u00e9rer de nombreux dirigeants autour d&rsquo;un m\u00eame projet. Il propose des Saint P\u00e9ray, du Crozes Hermitage et du Cornas Quartier Les Peyrouses &#8211; 07130 Cornas Site Internet Situ\u00e9 dans la zone [&hellip;]<\/p>\n","protected":false},"author":1,"featured_media":0,"parent":0,"menu_order":0,"comment_status":"closed","ping_status":"closed","template":"","meta":{"ocean_post_layout":"","ocean_both_sidebars_style":"","ocean_both_sidebars_content_width":0,"ocean_both_sidebars_sidebars_width":0,"ocean_sidebar":"0","ocean_second_sidebar":"0","ocean_disable_margins":"enable","ocean_add_body_class":"","ocean_shortcode_before_top_bar":"","ocean_shortcode_after_top_bar":"","ocean_shortcode_before_header":"","ocean_shortcode_after_header":"","ocean_has_shortcode":"","ocean_shortcode_after_title":"","ocean_shortcode_before_footer_widgets":"","ocean_shortcode_after_footer_widgets":"","ocean_shortcode_before_footer_bottom":"","ocean_shortcode_after_footer_bottom":"","ocean_display_top_bar":"default","ocean_display_header":"default","ocean_header_style":"","ocean_center_header_left_menu":"0","ocean_custom_header_template":"0","ocean_custom_logo":0,"ocean_custom_retina_logo":0,"ocean_custom_logo_max_width":0,"ocean_custom_logo_tablet_max_width":0,"ocean_custom_logo_mobile_max_width":0,"ocean_custom_logo_max_height":0,"ocean_custom_logo_tablet_max_height":0,"ocean_custom_logo_mobile_max_height":0,"ocean_header_custom_menu":"0","ocean_menu_typo_font_family":"0","ocean_menu_typo_font_subset":"","ocean_menu_typo_font_size":0,"ocean_menu_typo_font_size_tablet":0,"ocean_menu_typo_font_size_mobile":0,"ocean_menu_typo_font_size_unit":"px","ocean_menu_typo_font_weight":"","ocean_menu_typo_font_weight_tablet":"","ocean_menu_typo_font_weight_mobile":"","ocean_menu_typo_transform":"","ocean_menu_typo_transform_tablet":"","ocean_menu_typo_transform_mobile":"","ocean_menu_typo_line_height":0,"ocean_menu_typo_line_height_tablet":0,"ocean_menu_typo_line_height_mobile":0,"ocean_menu_typo_line_height_unit":"","ocean_menu_typo_spacing":0,"ocean_menu_typo_spacing_tablet":0,"ocean_menu_typo_spacing_mobile":0,"ocean_menu_typo_spacing_unit":"","ocean_menu_link_color":"","ocean_menu_link_color_hover":"","ocean_menu_link_color_active":"","ocean_menu_link_background":"","ocean_menu_link_hover_background":"","ocean_menu_link_active_background":"","ocean_menu_social_links_bg":"","ocean_menu_social_hover_links_bg":"","ocean_menu_social_links_color":"","ocean_menu_social_hover_links_color":"","ocean_disable_title":"default","ocean_disable_heading":"default","ocean_post_title":"","ocean_post_subheading":"","ocean_post_title_style":"","ocean_post_title_background_color":"","ocean_post_title_background":0,"ocean_post_title_bg_image_position":"","ocean_post_title_bg_image_attachment":"","ocean_post_title_bg_image_repeat":"","ocean_post_title_bg_image_size":"","ocean_post_title_height":0,"ocean_post_title_bg_overlay":0.5,"ocean_post_title_bg_overlay_color":"","ocean_disable_breadcrumbs":"default","ocean_breadcrumbs_color":"","ocean_breadcrumbs_separator_color":"","ocean_breadcrumbs_links_color":"","ocean_breadcrumbs_links_hover_color":"","ocean_display_footer_widgets":"default","ocean_display_footer_bottom":"default","ocean_custom_footer_template":"0","footnotes":""},"class_list":["post-1223","page","type-page","status-publish","hentry","entry"],"yoast_head":"<!-- This site is optimized with the Yoast SEO plugin v27.0 - https:\/\/yoast.com\/product\/yoast-seo-wordpress\/ -->\n<title>Viticulteurs et Caves - Bassin Crussol Rugby<\/title>\n<meta name=\"robots\" content=\"index, follow, max-snippet:-1, max-image-preview:large, max-video-preview:-1\" \/>\n<link rel=\"canonical\" href=\"https:\/\/bassincrussolrugby.fr\/index.php\/viticulteurs-et-caves\/\" \/>\n<meta property=\"og:locale\" content=\"fr_FR\" \/>\n<meta property=\"og:type\" content=\"article\" \/>\n<meta property=\"og:title\" content=\"Viticulteurs et Caves - Bassin Crussol Rugby\" \/>\n<meta property=\"og:description\" content=\"Jacques Lemenicier est partenaire depuis de nombreuses ann\u00e9es. Anciens joueur du club, il est maintenant pr\u00e9sident du Bassin De Crussol Rugby et a su f\u00e9d\u00e9rer de nombreux dirigeants autour d&rsquo;un m\u00eame projet. Il propose des Saint P\u00e9ray, du Crozes Hermitage et du Cornas Quartier Les Peyrouses &#8211; 07130 Cornas Site Internet Situ\u00e9 dans la zone [&hellip;]\" \/>\n<meta property=\"og:url\" content=\"https:\/\/bassincrussolrugby.fr\/index.php\/viticulteurs-et-caves\/\" \/>\n<meta property=\"og:site_name\" content=\"Bassin Crussol Rugby\" \/>\n<meta property=\"article:publisher\" content=\"https:\/\/www.facebook.com\/BDCR07\" \/>\n<meta property=\"article:modified_time\" content=\"2023-08-29T11:16:39+00:00\" \/>\n<meta property=\"og:image\" content=\"https:\/\/bassincrussolrugby.fr\/wp-content\/uploads\/2020\/08\/Logo-100x342-1.png\" \/>\n<meta name=\"twitter:card\" content=\"summary_large_image\" \/>\n<meta name=\"twitter:label1\" content=\"Dur\u00e9e de lecture estim\u00e9e\" \/>\n\t<meta name=\"twitter:data1\" content=\"2 minutes\" \/>\n<script type=\"application\/ld+json\" class=\"yoast-schema-graph\">{\"@context\":\"https:\/\/schema.org\",\"@graph\":[{\"@type\":\"WebPage\",\"@id\":\"https:\/\/bassincrussolrugby.fr\/index.php\/viticulteurs-et-caves\/\",\"url\":\"https:\/\/bassincrussolrugby.fr\/index.php\/viticulteurs-et-caves\/\",\"name\":\"Viticulteurs et Caves - Bassin Crussol Rugby\",\"isPartOf\":{\"@id\":\"https:\/\/bassincrussolrugby.fr\/#website\"},\"primaryImageOfPage\":{\"@id\":\"https:\/\/bassincrussolrugby.fr\/index.php\/viticulteurs-et-caves\/#primaryimage\"},\"image\":{\"@id\":\"https:\/\/bassincrussolrugby.fr\/index.php\/viticulteurs-et-caves\/#primaryimage\"},\"thumbnailUrl\":\"https:\/\/bassincrussolrugby.fr\/wp-content\/uploads\/2020\/08\/Logo-100x342-1.png\",\"datePublished\":\"2020-08-07T08:45:15+00:00\",\"dateModified\":\"2023-08-29T11:16:39+00:00\",\"breadcrumb\":{\"@id\":\"https:\/\/bassincrussolrugby.fr\/index.php\/viticulteurs-et-caves\/#breadcrumb\"},\"inLanguage\":\"fr-FR\",\"potentialAction\":[{\"@type\":\"ReadAction\",\"target\":[\"https:\/\/bassincrussolrugby.fr\/index.php\/viticulteurs-et-caves\/\"]}]},{\"@type\":\"ImageObject\",\"inLanguage\":\"fr-FR\",\"@id\":\"https:\/\/bassincrussolrugby.fr\/index.php\/viticulteurs-et-caves\/#primaryimage\",\"url\":\"https:\/\/bassincrussolrugby.fr\/wp-content\/uploads\/2020\/08\/Logo-100x342-1.png\",\"contentUrl\":\"https:\/\/bassincrussolrugby.fr\/wp-content\/uploads\/2020\/08\/Logo-100x342-1.png\",\"width\":100,\"height\":342,\"caption\":\"Lemenicier Viticulteur\"},{\"@type\":\"BreadcrumbList\",\"@id\":\"https:\/\/bassincrussolrugby.fr\/index.php\/viticulteurs-et-caves\/#breadcrumb\",\"itemListElement\":[{\"@type\":\"ListItem\",\"position\":1,\"name\":\"Accueil\",\"item\":\"https:\/\/bassincrussolrugby.fr\/\"},{\"@type\":\"ListItem\",\"position\":2,\"name\":\"Viticulteurs et Caves\"}]},{\"@type\":\"WebSite\",\"@id\":\"https:\/\/bassincrussolrugby.fr\/#website\",\"url\":\"https:\/\/bassincrussolrugby.fr\/\",\"name\":\"Bassin de Crussol Rugby\",\"description\":\"4 Couleurs, un Club\",\"publisher\":{\"@id\":\"https:\/\/bassincrussolrugby.fr\/#organization\"},\"potentialAction\":[{\"@type\":\"SearchAction\",\"target\":{\"@type\":\"EntryPoint\",\"urlTemplate\":\"https:\/\/bassincrussolrugby.fr\/?s={search_term_string}\"},\"query-input\":{\"@type\":\"PropertyValueSpecification\",\"valueRequired\":true,\"valueName\":\"search_term_string\"}}],\"inLanguage\":\"fr-FR\"},{\"@type\":\"Organization\",\"@id\":\"https:\/\/bassincrussolrugby.fr\/#organization\",\"name\":\"Bassin de Crussol Rugby\",\"url\":\"https:\/\/bassincrussolrugby.fr\/\",\"logo\":{\"@type\":\"ImageObject\",\"inLanguage\":\"fr-FR\",\"@id\":\"https:\/\/bassincrussolrugby.fr\/#\/schema\/logo\/image\/\",\"url\":\"https:\/\/bassincrussolrugby.fr\/wp-content\/uploads\/2020\/09\/logo-bcr-petit.jpg\",\"contentUrl\":\"https:\/\/bassincrussolrugby.fr\/wp-content\/uploads\/2020\/09\/logo-bcr-petit.jpg\",\"width\":300,\"height\":250,\"caption\":\"Bassin de Crussol Rugby\"},\"image\":{\"@id\":\"https:\/\/bassincrussolrugby.fr\/#\/schema\/logo\/image\/\"},\"sameAs\":[\"https:\/\/www.facebook.com\/BDCR07\",\"https:\/\/www.instagram.com\/bassindecrussol_rugby\/\"]}]}<\/script>\n<!-- \/ Yoast SEO plugin. -->","yoast_head_json":{"title":"Viticulteurs et Caves - Bassin Crussol Rugby","robots":{"index":"index","follow":"follow","max-snippet":"max-snippet:-1","max-image-preview":"max-image-preview:large","max-video-preview":"max-video-preview:-1"},"canonical":"https:\/\/bassincrussolrugby.fr\/index.php\/viticulteurs-et-caves\/","og_locale":"fr_FR","og_type":"article","og_title":"Viticulteurs et Caves - Bassin Crussol Rugby","og_description":"Jacques Lemenicier est partenaire depuis de nombreuses ann\u00e9es. Anciens joueur du club, il est maintenant pr\u00e9sident du Bassin De Crussol Rugby et a su f\u00e9d\u00e9rer de nombreux dirigeants autour d&rsquo;un m\u00eame projet. Il propose des Saint P\u00e9ray, du Crozes Hermitage et du Cornas Quartier Les Peyrouses &#8211; 07130 Cornas Site Internet Situ\u00e9 dans la zone [&hellip;]","og_url":"https:\/\/bassincrussolrugby.fr\/index.php\/viticulteurs-et-caves\/","og_site_name":"Bassin Crussol Rugby","article_publisher":"https:\/\/www.facebook.com\/BDCR07","article_modified_time":"2023-08-29T11:16:39+00:00","og_image":[{"url":"https:\/\/bassincrussolrugby.fr\/wp-content\/uploads\/2020\/08\/Logo-100x342-1.png","type":"","width":"","height":""}],"twitter_card":"summary_large_image","twitter_misc":{"Dur\u00e9e de lecture estim\u00e9e":"2 minutes"},"schema":{"@context":"https:\/\/schema.org","@graph":[{"@type":"WebPage","@id":"https:\/\/bassincrussolrugby.fr\/index.php\/viticulteurs-et-caves\/","url":"https:\/\/bassincrussolrugby.fr\/index.php\/viticulteurs-et-caves\/","name":"Viticulteurs et Caves - Bassin Crussol Rugby","isPartOf":{"@id":"https:\/\/bassincrussolrugby.fr\/#website"},"primaryImageOfPage":{"@id":"https:\/\/bassincrussolrugby.fr\/index.php\/viticulteurs-et-caves\/#primaryimage"},"image":{"@id":"https:\/\/bassincrussolrugby.fr\/index.php\/viticulteurs-et-caves\/#primaryimage"},"thumbnailUrl":"https:\/\/bassincrussolrugby.fr\/wp-content\/uploads\/2020\/08\/Logo-100x342-1.png","datePublished":"2020-08-07T08:45:15+00:00","dateModified":"2023-08-29T11:16:39+00:00","breadcrumb":{"@id":"https:\/\/bassincrussolrugby.fr\/index.php\/viticulteurs-et-caves\/#breadcrumb"},"inLanguage":"fr-FR","potentialAction":[{"@type":"ReadAction","target":["https:\/\/bassincrussolrugby.fr\/index.php\/viticulteurs-et-caves\/"]}]},{"@type":"ImageObject","inLanguage":"fr-FR","@id":"https:\/\/bassincrussolrugby.fr\/index.php\/viticulteurs-et-caves\/#primaryimage","url":"https:\/\/bassincrussolrugby.fr\/wp-content\/uploads\/2020\/08\/Logo-100x342-1.png","contentUrl":"https:\/\/bassincrussolrugby.fr\/wp-content\/uploads\/2020\/08\/Logo-100x342-1.png","width":100,"height":342,"caption":"Lemenicier Viticulteur"},{"@type":"BreadcrumbList","@id":"https:\/\/bassincrussolrugby.fr\/index.php\/viticulteurs-et-caves\/#breadcrumb","itemListElement":[{"@type":"ListItem","position":1,"name":"Accueil","item":"https:\/\/bassincrussolrugby.fr\/"},{"@type":"ListItem","position":2,"name":"Viticulteurs et Caves"}]},{"@type":"WebSite","@id":"https:\/\/bassincrussolrugby.fr\/#website","url":"https:\/\/bassincrussolrugby.fr\/","name":"Bassin de Crussol Rugby","description":"4 Couleurs, un Club","publisher":{"@id":"https:\/\/bassincrussolrugby.fr\/#organization"},"potentialAction":[{"@type":"SearchAction","target":{"@type":"EntryPoint","urlTemplate":"https:\/\/bassincrussolrugby.fr\/?s={search_term_string}"},"query-input":{"@type":"PropertyValueSpecification","valueRequired":true,"valueName":"search_term_string"}}],"inLanguage":"fr-FR"},{"@type":"Organization","@id":"https:\/\/bassincrussolrugby.fr\/#organization","name":"Bassin de Crussol Rugby","url":"https:\/\/bassincrussolrugby.fr\/","logo":{"@type":"ImageObject","inLanguage":"fr-FR","@id":"https:\/\/bassincrussolrugby.fr\/#\/schema\/logo\/image\/","url":"https:\/\/bassincrussolrugby.fr\/wp-content\/uploads\/2020\/09\/logo-bcr-petit.jpg","contentUrl":"https:\/\/bassincrussolrugby.fr\/wp-content\/uploads\/2020\/09\/logo-bcr-petit.jpg","width":300,"height":250,"caption":"Bassin de Crussol Rugby"},"image":{"@id":"https:\/\/bassincrussolrugby.fr\/#\/schema\/logo\/image\/"},"sameAs":["https:\/\/www.facebook.com\/BDCR07","https:\/\/www.instagram.com\/bassindecrussol_rugby\/"]}]}},"_links":{"self":[{"href":"https:\/\/bassincrussolrugby.fr\/index.php\/wp-json\/wp\/v2\/pages\/1223","targetHints":{"allow":["GET"]}}],"collection":[{"href":"https:\/\/bassincrussolrugby.fr\/index.php\/wp-json\/wp\/v2\/pages"}],"about":[{"href":"https:\/\/bassincrussolrugby.fr\/index.php\/wp-json\/wp\/v2\/types\/page"}],"author":[{"embeddable":true,"href":"https:\/\/bassincrussolrugby.fr\/index.php\/wp-json\/wp\/v2\/users\/1"}],"replies":[{"embeddable":true,"href":"https:\/\/bassincrussolrugby.fr\/index.php\/wp-json\/wp\/v2\/comments?post=1223"}],"version-history":[{"count":20,"href":"https:\/\/bassincrussolrugby.fr\/index.php\/wp-json\/wp\/v2\/pages\/1223\/revisions"}],"predecessor-version":[{"id":2521,"href":"https:\/\/bassincrussolrugby.fr\/index.php\/wp-json\/wp\/v2\/pages\/1223\/revisions\/2521"}],"wp:attachment":[{"href":"https:\/\/bassincrussolrugby.fr\/index.php\/wp-json\/wp\/v2\/media?parent=1223"}],"curies":[{"name":"wp","href":"https:\/\/api.w.org\/{rel}","templated":true}]}}